{"id":301,"date":"2023-04-01T13:36:28","date_gmt":"2023-04-01T13:36:28","guid":{"rendered":"https:\/\/sage.jm-sandkasten.de\/?page_id=301"},"modified":"2024-11-06T14:02:19","modified_gmt":"2024-11-06T14:02:19","slug":"impressum","status":"publish","type":"page","link":"https:\/\/airporttransfer-berlin.com\/en\/impressum\/","title":{"rendered":"Imprint"},"content":{"rendered":"<div data-elementor-type=\"wp-page\" data-elementor-id=\"301\" class=\"elementor elementor-301\" data-elementor-post-type=\"page\">\n\t\t\t\t\t\t<section class=\"elementor-section elementor-top-section elementor-element elementor-element-93918ea elementor-section-boxed elementor-section-height-default elementor-section-height-default\" data-id=\"93918ea\" data-element_type=\"section\" data-e-type=\"section\" data-settings=\"{&quot;background_background&quot;:&quot;classic&quot;}\">\n\t\t\t\t\t\t<div class=\"elementor-container elementor-column-gap-default\">\n\t\t\t\t\t<div class=\"elementor-column elementor-col-100 elementor-top-column elementor-element elementor-element-b0a15bf\" data-id=\"b0a15bf\" data-element_type=\"column\" data-e-type=\"column\" data-settings=\"{&quot;background_background&quot;:&quot;classic&quot;}\">\n\t\t\t<div class=\"elementor-widget-wrap elementor-element-populated\">\n\t\t\t\t\t\t<div class=\"elementor-element elementor-element-e8417bf elementor-widget elementor-widget-text-editor\" data-id=\"e8417bf\" data-element_type=\"widget\" data-e-type=\"widget\" data-widget_type=\"text-editor.default\">\n\t\t\t\t<div class=\"elementor-widget-container\">\n\t\t\t\t\t\t\t\t\t<div id=\"pg-34-0\" class=\"panel-grid panel-no-style\"><div id=\"pgc-34-0-0\" class=\"panel-grid-cell\"><div id=\"panel-34-0-0-0\" class=\"so-panel widget widget_black-studio-tinymce widget_black_studio_tinymce panel-first-child panel-last-child\" data-index=\"0\"><div class=\"textwidget\"><h2>Imprint<\/h2><\/div><\/div><\/div><\/div><div id=\"pg-34-1\" class=\"panel-grid panel-has-style\"><div class=\"impressum panel-row-style panel-row-style-for-34-1\"><div id=\"pgc-34-1-0\" class=\"panel-grid-cell\"><div id=\"panel-34-1-0-0\" class=\"so-panel widget widget_black-studio-tinymce widget_black_studio_tinymce panel-first-child panel-last-child\" data-index=\"1\"><div class=\"textwidget\"><div class=\"imp-parent\"><table class=\"imp\"><tbody><tr><th>Name (required)<\/th><td>Fahrdienst Sage<\/td><\/tr><tr><th>Offices<\/th><td><p>Zehlendorfer Damm 45,\u00a014532 Kleinmachnow<\/p><\/td><\/tr><tr><th>Phone \/ Mobile<\/th><td>+49 30 53023828<\/td><\/tr><tr><th>Telefax<\/th><td>03328 \u2013 3090053<\/td><\/tr><tr><th>E-Mail<\/th><td><a href=\"mailto:fds.teltow@gmail.com\">fds.teltow@gmail.com<\/a><\/td><\/tr><tr><th>Owner<\/th><td>Holger Sage<\/td><\/tr><tr><th>Responsible for the content<\/th><td>Holger Sage<\/td><\/tr><tr><th>USt-IdNr.<\/th><td>DE 269903385<\/td><\/tr><tr><th>\u00a0<\/th><td>Genehmigung nach \u00a7 49 PBefG mit Mietwagen f\u00fcr die gewerbliche Personenbef\u00f6rderung<br \/>Zust\u00e4ndige Genehmigungsbeh\u00f6rde:<br \/>Stra\u00dfenverkehrsamt Potsdam \u2013 Mittelmark<br \/>Fachbereich Sicherheit, Ordnung und Verkehr<br \/>Fachdienst: Verkehrsmanagement<br \/>Am Gutshof 1<br \/>D-14542 Werder\/Havel<\/td><\/tr><\/tbody><\/table><\/div><\/div><\/div><\/div><\/div><\/div>\t\t\t\t\t\t\t\t<\/div>\n\t\t\t\t<\/div>\n\t\t\t\t\t<\/div>\n\t\t<\/div>\n\t\t\t\t\t<\/div>\n\t\t<\/section>\n\t\t\t\t<\/div>","protected":false},"excerpt":{"rendered":"<p>Impressum Name Fahrdienst Sage Gesch\u00e4ftsstellen Zehlendorfer Damm 45,\u00a014532 Kleinmachnow Telefon +49 30 53023828 Telefax 03328 \u2013 3090053 E-Mail fds.teltow@gmail.com Inhaber Holger Sage Verantwortliche(r) f\u00fcr Inhalt Holger Sage USt-IdNr. DE 269903385 \u00a0 Genehmigung nach \u00a7 49 PBefG mit Mietwagen f\u00fcr die gewerbliche Personenbef\u00f6rderungZust\u00e4ndige Genehmigungsbeh\u00f6rde:Stra\u00dfenverkehrsamt Potsdam \u2013 MittelmarkFachbereich Sicherheit, Ordnung und VerkehrFachdienst: VerkehrsmanagementAm Gutshof 1D-14542 Werder\/Havel<\/p>","protected":false},"author":1,"featured_media":0,"parent":0,"menu_order":0,"comment_status":"closed","ping_status":"closed","template":"elementor_header_footer","meta":{"footnotes":""},"class_list":["post-301","page","type-page","status-publish","hentry"],"_links":{"self":[{"href":"https:\/\/airporttransfer-berlin.com\/en\/wp-json\/wp\/v2\/pages\/301","targetHints":{"allow":["GET"]}}],"collection":[{"href":"https:\/\/airporttransfer-berlin.com\/en\/wp-json\/wp\/v2\/pages"}],"about":[{"href":"https:\/\/airporttransfer-berlin.com\/en\/wp-json\/wp\/v2\/types\/page"}],"author":[{"embeddable":true,"href":"https:\/\/airporttransfer-berlin.com\/en\/wp-json\/wp\/v2\/users\/1"}],"replies":[{"embeddable":true,"href":"https:\/\/airporttransfer-berlin.com\/en\/wp-json\/wp\/v2\/comments?post=301"}],"version-history":[{"count":6,"href":"https:\/\/airporttransfer-berlin.com\/en\/wp-json\/wp\/v2\/pages\/301\/revisions"}],"predecessor-version":[{"id":844,"href":"https:\/\/airporttransfer-berlin.com\/en\/wp-json\/wp\/v2\/pages\/301\/revisions\/844"}],"wp:attachment":[{"href":"https:\/\/airporttransfer-berlin.com\/en\/wp-json\/wp\/v2\/media?parent=301"}],"curies":[{"name":"wp","href":"https:\/\/api.w.org\/{rel}","templated":true}]}}